{"id":1500,"date":"2020-06-29T19:42:33","date_gmt":"2020-06-29T19:42:33","guid":{"rendered":"http:\/\/madocpubliclibrary.ca\/?page_id=1500"},"modified":"2020-08-11T18:55:00","modified_gmt":"2020-08-11T18:55:00","slug":"td-summer-reading-club","status":"publish","type":"page","link":"https:\/\/madocpubliclibrary.ca\/index.php\/td-summer-reading-club\/","title":{"rendered":"TD Summer Reading Club"},"content":{"rendered":"\n<figure class=\"wp-block-image size-large\"><img loading=\"lazy\" decoding=\"async\" width=\"1024\" height=\"447\" src=\"https:\/\/madocpubliclibrary.ca\/wp-content\/uploads\/2020\/06\/cropped-46_TDSRC-ENG-Standard-Fixed-Print-Ad-Quarter-Page-template-1024x447.jpg\" alt=\"\" class=\"wp-image-1518\" srcset=\"https:\/\/madocpubliclibrary.ca\/wp-content\/uploads\/2020\/06\/cropped-46_TDSRC-ENG-Standard-Fixed-Print-Ad-Quarter-Page-template-1024x447.jpg 1024w, https:\/\/madocpubliclibrary.ca\/wp-content\/uploads\/2020\/06\/cropped-46_TDSRC-ENG-Standard-Fixed-Print-Ad-Quarter-Page-template-300x131.jpg 300w, https:\/\/madocpubliclibrary.ca\/wp-content\/uploads\/2020\/06\/cropped-46_TDSRC-ENG-Standard-Fixed-Print-Ad-Quarter-Page-template-768x335.jpg 768w, https:\/\/madocpubliclibrary.ca\/wp-content\/uploads\/2020\/06\/cropped-46_TDSRC-ENG-Standard-Fixed-Print-Ad-Quarter-Page-template.jpg 1050w\" sizes=\"auto, (max-width: 1024px) 100vw, 1024px\" \/><\/figure>\n\n\n\n<p>The TD Summer Reading Club will be held virtually throughout July and August 2020.  Moira  will once again be our program <br>coordinator, but this year she&#8217;ll be asking you to join her online for summer fun!<\/p>\n\n\n\n<p>Join the Club here:<a href=\"https:\/\/www.tdsummerreadingclub.ca\/\" target=\"_blank\" rel=\"noreferrer noopener\"> https:\/\/www.tdsummerreadingclub.ca\/<\/a><\/p>\n\n\n\n<p>New content will be available daily on our <a rel=\"noreferrer noopener\" href=\"https:\/\/www.facebook.com\/madoclibrary\" target=\"_blank\">Facebook page<\/a>!  Story times, crafts, activities and more await!  Craft packs will be available for pick-up at the library.  Contact us to set up an appointment time.<\/p>\n\n\n\n<p>And did we mention badges and prizes?  Participate for your chance to earn or win cool stuff! Time to get your game on! All ages are welcome.   <\/p>\n\n\n\n<p>Questions:  Contact Moira at madoclibrarysummerprogram@gmail.com or call  613-473-4456<\/p>\n\n\n\n<figure class=\"wp-block-image size-large is-resized\"><img loading=\"lazy\" decoding=\"async\" src=\"https:\/\/madocpubliclibrary.ca\/wp-content\/uploads\/2020\/08\/AUG-Summer-Program-Calendar-1024x858.jpg\" alt=\"\" class=\"wp-image-1543\" width=\"507\" height=\"425\" srcset=\"https:\/\/madocpubliclibrary.ca\/wp-content\/uploads\/2020\/08\/AUG-Summer-Program-Calendar-1024x858.jpg 1024w, https:\/\/madocpubliclibrary.ca\/wp-content\/uploads\/2020\/08\/AUG-Summer-Program-Calendar-300x251.jpg 300w, https:\/\/madocpubliclibrary.ca\/wp-content\/uploads\/2020\/08\/AUG-Summer-Program-Calendar-768x644.jpg 768w, https:\/\/madocpubliclibrary.ca\/wp-content\/uploads\/2020\/08\/AUG-Summer-Program-Calendar.jpg 1410w\" sizes=\"auto, (max-width: 507px) 100vw, 507px\" \/><\/figure>\n\n\n\n<figure class=\"wp-block-embed-facebook wp-block-embed is-type-video is-provider-facebook\"><div class=\"wp-block-embed__wrapper\">\nhttps:\/\/www.facebook.com\/madoclibrary\/videos\/285433502812969\/\n<\/div><\/figure>\n\n\n\n<p>Click on the images below to download your printable Fun, Friendly Summer Challenge Game Board, or <a href=\"https:\/\/madocpubliclibrary.ca\/index.php\/staff-directory\/\">contact the library<\/a> to arrange an appointment to pick up a copy. <\/p>\n\n\n\n<figure class=\"wp-block-image size-medium\"><a href=\"https:\/\/madocpubliclibrary.ca\/wp-content\/uploads\/2020\/06\/ENG-Fun-Friendly-Summer.pdf\" target=\"_blank\" rel=\"noopener noreferrer\"><img loading=\"lazy\" decoding=\"async\" width=\"232\" height=\"300\" src=\"https:\/\/madocpubliclibrary.ca\/wp-content\/uploads\/2020\/06\/ENG-Fun-Friendly-Summer-232x300.jpg\" alt=\"\" class=\"wp-image-1517\" srcset=\"https:\/\/madocpubliclibrary.ca\/wp-content\/uploads\/2020\/06\/ENG-Fun-Friendly-Summer-232x300.jpg 232w, https:\/\/madocpubliclibrary.ca\/wp-content\/uploads\/2020\/06\/ENG-Fun-Friendly-Summer-791x1024.jpg 791w, https:\/\/madocpubliclibrary.ca\/wp-content\/uploads\/2020\/06\/ENG-Fun-Friendly-Summer-768x994.jpg 768w, https:\/\/madocpubliclibrary.ca\/wp-content\/uploads\/2020\/06\/ENG-Fun-Friendly-Summer-1187x1536.jpg 1187w, https:\/\/madocpubliclibrary.ca\/wp-content\/uploads\/2020\/06\/ENG-Fun-Friendly-Summer-1583x2048.jpg 1583w, https:\/\/madocpubliclibrary.ca\/wp-content\/uploads\/2020\/06\/ENG-Fun-Friendly-Summer.jpg 1802w\" sizes=\"auto, (max-width: 232px) 100vw, 232px\" \/><\/a><\/figure>\n\n\n\n<figure class=\"wp-block-image size-medium\"><a href=\"https:\/\/madocpubliclibrary.ca\/wp-content\/uploads\/2020\/06\/FRA-D\u00e9fi-D\u00e9t\u00e9.pdf\" target=\"_blank\" rel=\"noopener noreferrer\"><img loading=\"lazy\" decoding=\"async\" width=\"232\" height=\"300\" src=\"https:\/\/madocpubliclibrary.ca\/wp-content\/uploads\/2020\/06\/FRA-D\u00e9fi-D\u00e9t\u00e9-232x300.jpg\" alt=\"\" class=\"wp-image-1519\" srcset=\"https:\/\/madocpubliclibrary.ca\/wp-content\/uploads\/2020\/06\/FRA-D\u00e9fi-D\u00e9t\u00e9-232x300.jpg 232w, https:\/\/madocpubliclibrary.ca\/wp-content\/uploads\/2020\/06\/FRA-D\u00e9fi-D\u00e9t\u00e9-791x1024.jpg 791w, https:\/\/madocpubliclibrary.ca\/wp-content\/uploads\/2020\/06\/FRA-D\u00e9fi-D\u00e9t\u00e9-768x994.jpg 768w, https:\/\/madocpubliclibrary.ca\/wp-content\/uploads\/2020\/06\/FRA-D\u00e9fi-D\u00e9t\u00e9-1187x1536.jpg 1187w, https:\/\/madocpubliclibrary.ca\/wp-content\/uploads\/2020\/06\/FRA-D\u00e9fi-D\u00e9t\u00e9-1583x2048.jpg 1583w, https:\/\/madocpubliclibrary.ca\/wp-content\/uploads\/2020\/06\/FRA-D\u00e9fi-D\u00e9t\u00e9.jpg 1802w\" sizes=\"auto, (max-width: 232px) 100vw, 232px\" \/><\/a><\/figure>\n","protected":false},"excerpt":{"rendered":"<p>The TD Summer Reading Club will be held virtually throughout July and August 2020. Moira will once again be our program coordinator, but this year she&#8217;ll be asking you to join her online for summer fun! Join the Club here: https:\/\/www.tdsummerreadingclub.ca\/ New content will be available daily on our Facebook page! Story times, crafts, activities &hellip; <a href=\"https:\/\/madocpubliclibrary.ca\/index.php\/td-summer-reading-club\/\" class=\"more-link\">Continue reading <span class=\"screen-reader-text\">TD Summer Reading Club<\/span> <span class=\"meta-nav\">&rarr;<\/span><\/a><\/p>\n","protected":false},"author":1,"featured_media":0,"parent":0,"menu_order":0,"comment_status":"closed","ping_status":"closed","template":"","meta":{"footnotes":""},"class_list":["post-1500","page","type-page","status-publish","hentry"],"_links":{"self":[{"href":"https:\/\/madocpubliclibrary.ca\/index.php\/wp-json\/wp\/v2\/pages\/1500","targetHints":{"allow":["GET"]}}],"collection":[{"href":"https:\/\/madocpubliclibrary.ca\/index.php\/wp-json\/wp\/v2\/pages"}],"about":[{"href":"https:\/\/madocpubliclibrary.ca\/index.php\/wp-json\/wp\/v2\/types\/page"}],"author":[{"embeddable":true,"href":"https:\/\/madocpubliclibrary.ca\/index.php\/wp-json\/wp\/v2\/users\/1"}],"replies":[{"embeddable":true,"href":"https:\/\/madocpubliclibrary.ca\/index.php\/wp-json\/wp\/v2\/comments?post=1500"}],"version-history":[{"count":11,"href":"https:\/\/madocpubliclibrary.ca\/index.php\/wp-json\/wp\/v2\/pages\/1500\/revisions"}],"predecessor-version":[{"id":1544,"href":"https:\/\/madocpubliclibrary.ca\/index.php\/wp-json\/wp\/v2\/pages\/1500\/revisions\/1544"}],"wp:attachment":[{"href":"https:\/\/madocpubliclibrary.ca\/index.php\/wp-json\/wp\/v2\/media?parent=1500"}],"curies":[{"name":"wp","href":"https:\/\/api.w.org\/{rel}","templated":true}]}}